{"id":15765,"date":"2024-05-09T11:17:58","date_gmt":"2024-05-09T09:17:58","guid":{"rendered":"https:\/\/bench-carbon.de\/?page_id=15765"},"modified":"2024-06-02T16:24:23","modified_gmt":"2024-06-02T14:24:23","slug":"impressum","status":"publish","type":"page","link":"https:\/\/bench-carbon.de\/index.php\/impressum\/","title":{"rendered":"Impressum"},"content":{"rendered":"\t\t<div data-elementor-type=\"wp-page\" data-elementor-id=\"15765\" class=\"elementor elementor-15765\" data-elementor-post-type=\"page\">\n\t\t\t\t<div class=\"wd-negative-gap elementor-element elementor-element-72b6fc0 e-flex e-con-boxed e-con e-parent\" data-id=\"72b6fc0\" data-element_type=\"container\" data-e-type=\"container\" id=\"imprint\">\n\t\t\t\t\t<div class=\"e-con-inner\">\n\t\t\t\t<div class=\"elementor-element elementor-element-18a319b elementor-widget elementor-widget-wd_text_block\" data-id=\"18a319b\" data-element_type=\"widget\" data-e-type=\"widget\" data-widget_type=\"wd_text_block.default\">\n\t\t\t\t<div class=\"elementor-widget-container\">\n\t\t\t\t\t\t\t<div class=\"wd-text-block reset-last-child text-left\">\n\t\t\t\n\t\t\t<p><strong>Impressum<br \/><br \/>Gesetzliche Anbieterkennung:<\/strong><br \/><br \/><strong><br \/>Move-Cycles <\/strong><\/p><p><strong>Nils Richter<br \/>Freier-Grund-Str. 116<br \/>57299 Burbach<br \/>Deutschland<br \/>Telefon: 02736 299080<br \/>E-Mail: <\/strong><strong>info@bench-carbon.de<\/strong><strong><br \/>USt-IdNr.: DE 216904191<\/strong><br \/><br \/><br \/><strong>Alternative Streitbeilegung:<\/strong><br \/>Die Europ\u00e4ische Kommission stellt eine Plattform f\u00fcr die au\u00dfergerichtliche Online-Streitbeilegung (OS-Plattform) bereit, aufrufbar unter\u00a0<a href=\"https:\/\/ec.europa.eu\/consumers\/odr\" target=\"_blank\" rel=\"noopener\">https:\/\/ec.europa.eu\/odr<\/a>.<br \/><br \/>Wir sind bereit, aber nicht verpflichtet, an Streitbeilegungsverfahren vor Verbraucherschlichtungsstellen teilzunehmen.<br \/><br \/><strong>Wir sind seit\u00a0<\/strong><strong>14.10.2015\u00a0<\/strong><strong>Mitglied der Initiative \u201eFairCommerce\u201c.<\/strong><br \/>N\u00e4here Informationen hierzu finden Sie unter\u00a0<a href=\"https:\/\/www.haendlerbund.de\/de\/haendlerbund\/interessenvertretung\/faircommerce\" target=\"_blank\" rel=\"noopener\">www.haendlerbund.de\/faircommerce<\/a>.<\/p><p>Rechtliche Hinweise zur Webseite<br \/><br \/><\/p><p>Alle Texte, Bilder und weiter hier ver\u00f6ffentlichten Informationen unterliegen dem Urheberrecht des Anbieters, soweit nicht Urheberrechte Dritter bestehen. In jedem Fall ist eine Vervielf\u00e4ltigung, Verbreitung oder \u00f6ffentliche Wiedergabe ausschlie\u00dflich im Falle einer widerruflichen und nicht \u00fcbertragbaren Zustimmung des Anbieters gestattet.<\/p><p>F\u00fcr alle mittels Querverweis (Link) verbundenen Webinhalte \u00fcbernimmt der Anbieter keine Verantwortung, da es sich hierbei nicht um eigene Inhalte handelt. Die verlinkten Seiten wurden auf rechtswidrige Inhalte \u00fcberpr\u00fcft, zum Zeitpunkt der Verlinkung waren solche nicht erkennbar. Verantwortlich f\u00fcr den Inhalt der verlinkten Seiten ist deren Betreiber. Der Anbieter hat hierzu keine allgemeine \u00dcberwachungs- und Pr\u00fcfungspflicht. Bei Bekanntwerden einer Rechtsverletzung wird der entsprechende Link jedoch umgehend entfernt.<\/p>\n\t\t\t\t\t<\/div>\n\t\t\t\t\t\t<\/div>\n\t\t\t\t<\/div>\n\t\t\t\t\t<\/div>\n\t\t\t\t<\/div>\n\t\t\t\t<\/div>\n\t\t","protected":false},"excerpt":{"rendered":"<p>Impressum Gesetzliche Anbieterkennung: Move-Cycles Nils RichterFreier-Grund-Str. 11657299 BurbachDeutschlandTelefon: 02736 299080E-Mail: info@bench-carbon.deUSt-IdNr.: DE 216904191 Alternative Streitbeilegung:Die Europ\u00e4ische Kommission stellt eine Plattform<\/p>\n","protected":false},"author":1,"featured_media":0,"parent":0,"menu_order":0,"comment_status":"closed","ping_status":"closed","template":"","meta":{"_crdt_document":"","content-type":"","footnotes":""},"class_list":["post-15765","page","type-page","status-publish","hentry"],"_links":{"self":[{"href":"https:\/\/bench-carbon.de\/index.php\/wp-json\/wp\/v2\/pages\/15765","targetHints":{"allow":["GET"]}}],"collection":[{"href":"https:\/\/bench-carbon.de\/index.php\/wp-json\/wp\/v2\/pages"}],"about":[{"href":"https:\/\/bench-carbon.de\/index.php\/wp-json\/wp\/v2\/types\/page"}],"author":[{"embeddable":true,"href":"https:\/\/bench-carbon.de\/index.php\/wp-json\/wp\/v2\/users\/1"}],"replies":[{"embeddable":true,"href":"https:\/\/bench-carbon.de\/index.php\/wp-json\/wp\/v2\/comments?post=15765"}],"version-history":[{"count":8,"href":"https:\/\/bench-carbon.de\/index.php\/wp-json\/wp\/v2\/pages\/15765\/revisions"}],"predecessor-version":[{"id":15787,"href":"https:\/\/bench-carbon.de\/index.php\/wp-json\/wp\/v2\/pages\/15765\/revisions\/15787"}],"wp:attachment":[{"href":"https:\/\/bench-carbon.de\/index.php\/wp-json\/wp\/v2\/media?parent=15765"}],"curies":[{"name":"wp","href":"https:\/\/api.w.org\/{rel}","templated":true}]}}