{"id":15814,"date":"2024-06-23T10:34:37","date_gmt":"2024-06-23T08:34:37","guid":{"rendered":"https:\/\/bench-carbon.de\/?post_type=product&#038;p=15814"},"modified":"2024-10-23T19:52:27","modified_gmt":"2024-10-23T17:52:27","slug":"bench-carbon-grandprix-road-sram-force-axs","status":"publish","type":"product","link":"https:\/\/bench-carbon.de\/index.php\/produkt\/bench-carbon-grandprix-road-sram-force-axs\/","title":{"rendered":"BENCH CARBON GrandPrix Road Sram Force AXS 2024"},"content":{"rendered":"\t\t<div data-elementor-type=\"wp-post\" data-elementor-id=\"15814\" class=\"elementor elementor-15814\" data-elementor-post-type=\"product\">\n\t\t\t\t\t\t<section class=\"wd-negative-gap elementor-section elementor-top-section elementor-element elementor-element-27afdad elementor-section-boxed elementor-section-height-default elementor-section-height-default\" data-id=\"27afdad\" data-element_type=\"section\" data-e-type=\"section\">\n\t\t\t\t\t\t<div class=\"elementor-container elementor-column-gap-default\">\n\t\t\t\t\t<div class=\"elementor-column elementor-col-33 elementor-top-column elementor-element elementor-element-91f36c2\" data-id=\"91f36c2\" data-element_type=\"column\" data-e-type=\"column\">\n\t\t\t<div class=\"elementor-widget-wrap elementor-element-populated\">\n\t\t\t\t\t\t<div class=\"elementor-element elementor-element-ff40d8c elementor-widget elementor-widget-wd_text_block\" data-id=\"ff40d8c\" data-element_type=\"widget\" data-e-type=\"widget\" data-widget_type=\"wd_text_block.default\">\n\t\t\t\t<div class=\"elementor-widget-container\">\n\t\t\t\t\t\t\t<div class=\"wd-text-block reset-last-child text-left\">\n\t\t\t\n\t\t\t<h4><strong>MAECENAS IACULIS<\/strong><\/h4><p><img decoding=\"async\" class=\"size-full wp-image-220 alignleft\" src=\"https:\/\/bench-carbon.de\/wp-content\/uploads\/2021\/08\/brand-alessi.png\" alt=\"\" width=\"120\" height=\"88\">Das BENCH GrandPrix (GP) ist ein moderner Stra\u00dfenrenner, der die beste Kombination aus Aerodynamik, Leichtigkeit und herausragender Optik bietet. Gebaut f\u00fcr Agilit\u00e4t und Reaktionsf\u00e4higkeit, bietet der GP eine Reifenfreiheit von bis zu 35 mm und ist damit sowohl f\u00fcr Kriterium-Rennen als auch f\u00fcr Klassiker bestens ger\u00fcstet.<br>Hier als Raceready Modell mit Sram Force AXS D2 Gruppe und schnellen BENCH 40er Laufr\u00e4dern.<\/p>\n\t\t\t\t\t<\/div>\n\t\t\t\t\t\t<\/div>\n\t\t\t\t<\/div>\n\t\t\t\t\t<\/div>\n\t\t<\/div>\n\t\t\t\t<div class=\"elementor-column elementor-col-33 elementor-top-column elementor-element elementor-element-fa307c6\" data-id=\"fa307c6\" data-element_type=\"column\" data-e-type=\"column\">\n\t\t\t<div class=\"elementor-widget-wrap elementor-element-populated\">\n\t\t\t\t\t\t<div class=\"elementor-element elementor-element-9cff1cf color-scheme-inherit text-left elementor-widget elementor-widget-text-editor\" data-id=\"9cff1cf\" data-element_type=\"widget\" data-e-type=\"widget\" data-widget_type=\"text-editor.default\">\n\t\t\t\t<div class=\"elementor-widget-container\">\n\t\t\t\t\t\t\t\t\t<h4>FEUGIAT PARTURIENT<\/h4><p>Venenatis duis tristique accumsan netus enim in posuere torquent ut ullamcorper integer aliquam a mi curae elementum. Maecenas iaculis viverra tellus ridiculus a sed vestibulum dapibus.\u00a0Ante a mollis habitant duis urna cum iaculis ullamcorper luctus.<\/p><ul class=\"unordered-list\"><li>65% Polyester, 23% Elastane<\/li><li>Abitur parturient praesent ipsu<\/li><li>Minceptos pri 187cm\/3&#8217;1.3&#8243; tall<\/li><li>Diam parturient dictumst nibh mu<\/li><\/ul>\t\t\t\t\t\t\t\t<\/div>\n\t\t\t\t<\/div>\n\t\t\t\t\t<\/div>\n\t\t<\/div>\n\t\t\t\t<div class=\"elementor-column elementor-col-33 elementor-top-column elementor-element elementor-element-6c2d7c2\" data-id=\"6c2d7c2\" data-element_type=\"column\" data-e-type=\"column\">\n\t\t\t<div class=\"elementor-widget-wrap elementor-element-populated\">\n\t\t\t\t\t\t<div class=\"elementor-element elementor-element-dee1337 elementor-widget elementor-widget-wd_text_block\" data-id=\"dee1337\" data-element_type=\"widget\" data-e-type=\"widget\" data-widget_type=\"wd_text_block.default\">\n\t\t\t\t<div class=\"elementor-widget-container\">\n\t\t\t\t\t\t\t<div class=\"wd-text-block reset-last-child text-left\">\n\t\t\t\n\t\t\t<h4>FEUGIAT PARTURIENT<\/h4><p>Model's height: 4'2.2\u201d\/184 cm<br \/>Model is wearing: Size\u00a0Large<\/p><h4><strong>ALIQUET<\/strong><\/h4><p>Quam suspendisse adipiscing quis pretium nostra cubilia tristique nam non ac placerat nascetur a vel.<\/p><h4><strong>CURABITUR VELIT<\/strong><\/h4><p>Main: 76% Polyester, 24% Elastane.<\/p>\n\t\t\t\t\t<\/div>\n\t\t\t\t\t\t<\/div>\n\t\t\t\t<\/div>\n\t\t\t\t\t<\/div>\n\t\t<\/div>\n\t\t\t\t\t<\/div>\n\t\t<\/section>\n\t\t\t\t<\/div>\n\t\t","protected":false},"excerpt":{"rendered":"<p>Der BENCH GrandPrix (GP) ist ein moderner Stra\u00dfenrenner, der die beste Kombination aus Aerodynamik, Leichtigkeit und herausragender Optik bietet. Gebaut f\u00fcr Agilit\u00e4t und Reaktionsf\u00e4higkeit, bietet der GP eine Reifenfreiheit von bis zu 35 mm und ist damit sowohl f\u00fcr Kriterium-Rennen als auch f\u00fcr Klassiker bestens ger\u00fcstet.<br \/>\nHier als Raceready Modell mit Sram Force AXS D2 Gruppe und schnellen BENCH 40er Laufr\u00e4dern.<\/p>\n","protected":false},"featured_media":15781,"template":"","meta":{"_crdt_document":"","content-type":""},"product_brand":[],"product_cat":[115],"product_tag":[],"class_list":{"0":"post-15814","1":"product","2":"type-product","3":"status-publish","4":"has-post-thumbnail","6":"product_cat-road-bikes-2","7":"product_shipping_class-bikes-shipping","9":"first","10":"onbackorder","11":"taxable","12":"shipping-taxable","13":"purchasable","14":"product-type-simple"},"_links":{"self":[{"href":"https:\/\/bench-carbon.de\/index.php\/wp-json\/wp\/v2\/product\/15814","targetHints":{"allow":["GET"]}}],"collection":[{"href":"https:\/\/bench-carbon.de\/index.php\/wp-json\/wp\/v2\/product"}],"about":[{"href":"https:\/\/bench-carbon.de\/index.php\/wp-json\/wp\/v2\/types\/product"}],"version-history":[{"count":7,"href":"https:\/\/bench-carbon.de\/index.php\/wp-json\/wp\/v2\/product\/15814\/revisions"}],"predecessor-version":[{"id":15945,"href":"https:\/\/bench-carbon.de\/index.php\/wp-json\/wp\/v2\/product\/15814\/revisions\/15945"}],"wp:featuredmedia":[{"embeddable":true,"href":"https:\/\/bench-carbon.de\/index.php\/wp-json\/wp\/v2\/media\/15781"}],"wp:attachment":[{"href":"https:\/\/bench-carbon.de\/index.php\/wp-json\/wp\/v2\/media?parent=15814"}],"wp:term":[{"taxonomy":"product_brand","embeddable":true,"href":"https:\/\/bench-carbon.de\/index.php\/wp-json\/wp\/v2\/product_brand?post=15814"},{"taxonomy":"product_cat","embeddable":true,"href":"https:\/\/bench-carbon.de\/index.php\/wp-json\/wp\/v2\/product_cat?post=15814"},{"taxonomy":"product_tag","embeddable":true,"href":"https:\/\/bench-carbon.de\/index.php\/wp-json\/wp\/v2\/product_tag?post=15814"}],"curies":[{"name":"wp","href":"https:\/\/api.w.org\/{rel}","templated":true}]}}